{"id":31,"date":"2023-07-21T23:36:48","date_gmt":"2023-07-21T20:36:48","guid":{"rendered":"https:\/\/adiyamanvideoproduksiyon.com\/?page_id=31"},"modified":"2023-07-21T23:53:19","modified_gmt":"2023-07-21T20:53:19","slug":"hakkinda","status":"publish","type":"page","link":"https:\/\/adiyamanvideoproduksiyon.com\/index.php\/hakkinda\/","title":{"rendered":"HAKKIMIZDA"},"content":{"rendered":"\n<p><\/p>\n\n\n\n<p>Yarat\u0131c\u0131 ve yenilik\u00e7i video prod\u00fcksiyon \u00e7\u00f6z\u00fcmleri sunuyoruz. M\u00fc\u015fterilerimize etkileyici hikayeler anlatma ve g\u00f6rsel i\u00e7erikler arac\u0131l\u0131\u011f\u0131yla markalar\u0131n\u0131 g\u00fc\u00e7lendirme konusunda uzmanla\u015fm\u0131\u015f bir ekibiz. <\/p>\n\n\n\n<p><strong>Deneyimli ve Yarat\u0131c\u0131 Ekibimiz: Ba\u015far\u0131n\u0131n Anahtar\u0131<\/strong><\/p>\n\n\n\n<p>Video prod\u00fcksiyon alan\u0131nda tecr\u00fcbeli ve yetenekli bir ekiple \u00e7al\u0131\u015f\u0131yoruz. Yarat\u0131c\u0131l\u0131\u011f\u0131m\u0131z\u0131, her bir proje i\u00e7in benzersiz ve unutulmaz i\u00e7erikler olu\u015fturmak i\u00e7in kullan\u0131yoruz. <\/p>\n\n\n\n<p><strong>Geni\u015f Hizmet Yelpazesi: Size \u00d6zel \u00c7\u00f6z\u00fcmler<\/strong><\/p>\n\n\n\n<p>M\u00fc\u015fterilerimizin ihtiya\u00e7lar\u0131na uygun \u00f6zel \u00e7\u00f6z\u00fcmler sunuyoruz. Marka tan\u0131t\u0131m videolar\u0131, kurumsal videolar, \u00fcr\u00fcn lansmanlar\u0131, e\u011fitim videolar\u0131 ve etkileyici reklam kampanyalar\u0131 gibi \u00e7e\u015fitli projelerde uzmanl\u0131\u011f\u0131m\u0131z\u0131 sergiliyoruz. Her projeyi, m\u00fc\u015fterilerimizin isteklerini, hedef kitlelerini ve pazarlama stratejilerini dikkate alarak \u00f6zenle tasarl\u0131yoruz.<\/p>\n\n\n\n<p><strong>Teknoloji ve Kalite: M\u00fckemmelli\u011fe Odaklan\u0131yoruz<\/strong><\/p>\n\n\n\n<p>En son teknoloji ve donan\u0131m\u0131 kullanarak en y\u00fcksek kalitede video prod\u00fcksiyon hizmeti sunmay\u0131 hedefliyor. M\u00fc\u015fterilerimize, modern ve etkili ileti\u015fim ara\u00e7lar\u0131 ile \u00f6ne \u00e7\u0131kmalar\u0131n\u0131 sa\u011flayan, kristal netli\u011finde g\u00f6r\u00fcnt\u00fcler ve etkileyici sesler sunuyoruz. Kalitemizle s\u0131n\u0131rlar\u0131 zorlayarak, m\u00fc\u015fterilerimizin beklentilerini a\u015fmaya ve her projeyle yeni ba\u015far\u0131 hikayeleri yazmaya devam ediyoruz.<\/p>\n\n\n\n<p><strong>Bize Ula\u015f\u0131n: Vizyonunuzu Ger\u00e7e\u011fe D\u00f6n\u00fc\u015ft\u00fcrelim<\/strong><\/p>\n\n\n\n<p>E\u011fer g\u00fc\u00e7l\u00fc bir hikayeniz varsa, bunu e\u015fsiz bir g\u00f6rsel deneyime d\u00f6n\u00fc\u015ft\u00fcrmek i\u00e7in buraday\u0131z. Profesyonel ekibimizle birlikte, projenize uygun \u00e7\u00f6z\u00fcmler sunmak ve vizyonunuzu ger\u00e7e\u011fe d\u00f6n\u00fc\u015ft\u00fcrmek i\u00e7in sab\u0131rs\u0131zlan\u0131yoruz. <a href=\"https:\/\/adiyamanvideoproduksiyon.com\/index.php\/bize-ulasin\/\"><strong>Bize Ula\u015f\u0131n<\/strong><\/a> sayfam\u0131z \u00fczerinden bizimle ileti\u015fime ge\u00e7ebilirsiniz.<\/p>\n\n\n\n<p><\/p>\n","protected":false},"excerpt":{"rendered":"<p>Yarat\u0131c\u0131 ve yenilik\u00e7i video prod\u00fcksiyon \u00e7\u00f6z\u00fcmleri sunuyoruz. M\u00fc\u015fterilerimize etkileyici hikayeler anlatma ve g\u00f6rsel i\u00e7erikler arac\u0131l\u0131\u011f\u0131yla markalar\u0131n\u0131 g\u00fc\u00e7lendirme konusunda uzmanla\u015fm\u0131\u015f bir ekibiz. Deneyimli ve Yarat\u0131c\u0131 Ekibimiz: Ba\u015far\u0131n\u0131n Anahtar\u0131 Video prod\u00fcksiyon alan\u0131nda tecr\u00fcbeli ve yetenekli bir ekiple \u00e7al\u0131\u015f\u0131yoruz. Yarat\u0131c\u0131l\u0131\u011f\u0131m\u0131z\u0131, her bir proje i\u00e7in benzersiz ve unutulmaz i\u00e7erikler olu\u015fturmak i\u00e7in kullan\u0131yoruz. Geni\u015f Hizmet Yelpazesi: Size \u00d6zel \u00c7\u00f6z\u00fcmler M\u00fc\u015fterilerimizin &hellip; <\/p>\n<p class=\"link-more\"><a href=\"https:\/\/adiyamanvideoproduksiyon.com\/index.php\/hakkinda\/\" class=\"more-link\">Okumaya devam et<span class=\"screen-reader-text\"> &#8220;HAKKIMIZDA&#8221;<\/span><\/a><\/p>\n","protected":false},"author":1,"featured_media":0,"parent":0,"menu_order":1,"comment_status":"closed","ping_status":"closed","template":"","meta":{"footnotes":""},"class_list":["post-31","page","type-page","status-publish","hentry"],"jetpack_sharing_enabled":true,"_links":{"self":[{"href":"https:\/\/adiyamanvideoproduksiyon.com\/index.php\/wp-json\/wp\/v2\/pages\/31","targetHints":{"allow":["GET"]}}],"collection":[{"href":"https:\/\/adiyamanvideoproduksiyon.com\/index.php\/wp-json\/wp\/v2\/pages"}],"about":[{"href":"https:\/\/adiyamanvideoproduksiyon.com\/index.php\/wp-json\/wp\/v2\/types\/page"}],"author":[{"embeddable":true,"href":"https:\/\/adiyamanvideoproduksiyon.com\/index.php\/wp-json\/wp\/v2\/users\/1"}],"replies":[{"embeddable":true,"href":"https:\/\/adiyamanvideoproduksiyon.com\/index.php\/wp-json\/wp\/v2\/comments?post=31"}],"version-history":[{"count":4,"href":"https:\/\/adiyamanvideoproduksiyon.com\/index.php\/wp-json\/wp\/v2\/pages\/31\/revisions"}],"predecessor-version":[{"id":40,"href":"https:\/\/adiyamanvideoproduksiyon.com\/index.php\/wp-json\/wp\/v2\/pages\/31\/revisions\/40"}],"wp:attachment":[{"href":"https:\/\/adiyamanvideoproduksiyon.com\/index.php\/wp-json\/wp\/v2\/media?parent=31"}],"curies":[{"name":"wp","href":"https:\/\/api.w.org\/{rel}","templated":true}]}}